{"id":5,"date":"2023-01-13T19:19:43","date_gmt":"2023-01-13T22:19:43","guid":{"rendered":"http:\/\/uniogroup.com.br\/2023\/?page_id=5"},"modified":"2023-01-26T16:23:39","modified_gmt":"2023-01-26T19:23:39","slug":"sobre-nos","status":"publish","type":"page","link":"https:\/\/uniogroup.com.br\/2023\/sobre-nos\/","title":{"rendered":"Sobre n\u00f3s"},"content":{"rendered":"<p>H\u00e1 5 anos desenvolvendo solu\u00e7\u00f5es em sa\u00fade com foco em gest\u00e3o de benef\u00edcios para sa\u00fade.<\/p>\n<p>Nossa miss\u00e3o de democratizar o acesso a sa\u00fade colaborando com o envelopamento de cart\u00f5es de benef\u00edcios em sa\u00fade para grupos, empresas e associa\u00e7\u00f5es.<br \/>\nOs nossos servi\u00e7os s\u00e3o personaliz\u00e1veis e flex\u00edveis a solicita\u00e7\u00e3o dos parceiros, tais como: denomina\u00e7\u00e3o do produto, cart\u00f5es personalizados, servi\u00e7os personalizados e um sistema que permite o acompanhamento desde o cadastro ao atendimento do usu\u00e1rio.<\/p>\n<p>Com nossa gest\u00e3o de atendimento permitimos que os nossos parceiros foquem no desenvolvimento dos produtos personalizados com MARCA PR\u00d3PRIA, conquistando clientes e auferindo resultados de forma \u00fanica, ou seja, se preocupando apenas com o seu neg\u00f3cio, cuidar bem dos seus usu\u00e1rios.<br \/>\nOs valores s\u00e3o super acess\u00edveis, contribuindo com o acesso de mais benefici\u00e1rios que poder\u00e3o usufruir de benef\u00edcios em sa\u00fade para toda a fam\u00edlia, conquistando mais qualidade de vida.<\/p>\n","protected":false},"excerpt":{"rendered":"<p>H\u00e1 5 anos desenvolvendo solu\u00e7\u00f5es em sa\u00fade com foco em gest\u00e3o de benef\u00edcios para sa\u00fade. Nossa miss\u00e3o de democratizar o acesso a sa\u00fade colaborando com o envelopamento de cart\u00f5es de benef\u00edcios em sa\u00fade para grupos, empresas e associa\u00e7\u00f5es. Os nossos servi\u00e7os s\u00e3o personaliz\u00e1veis e flex\u00edveis a solicita\u00e7\u00e3o dos parceiros, tais como: denomina\u00e7\u00e3o do produto, cart\u00f5es [&hellip;]<\/p>\n","protected":false},"author":1,"featured_media":0,"parent":0,"menu_order":0,"comment_status":"closed","ping_status":"closed","template":"theme\/template-sobre.php","meta":{"footnotes":""},"class_list":["post-5","page","type-page","status-publish","hentry"],"acf":[],"_links":{"self":[{"href":"https:\/\/uniogroup.com.br\/2023\/wp-json\/wp\/v2\/pages\/5","targetHints":{"allow":["GET"]}}],"collection":[{"href":"https:\/\/uniogroup.com.br\/2023\/wp-json\/wp\/v2\/pages"}],"about":[{"href":"https:\/\/uniogroup.com.br\/2023\/wp-json\/wp\/v2\/types\/page"}],"author":[{"embeddable":true,"href":"https:\/\/uniogroup.com.br\/2023\/wp-json\/wp\/v2\/users\/1"}],"replies":[{"embeddable":true,"href":"https:\/\/uniogroup.com.br\/2023\/wp-json\/wp\/v2\/comments?post=5"}],"version-history":[{"count":3,"href":"https:\/\/uniogroup.com.br\/2023\/wp-json\/wp\/v2\/pages\/5\/revisions"}],"predecessor-version":[{"id":63,"href":"https:\/\/uniogroup.com.br\/2023\/wp-json\/wp\/v2\/pages\/5\/revisions\/63"}],"wp:attachment":[{"href":"https:\/\/uniogroup.com.br\/2023\/wp-json\/wp\/v2\/media?parent=5"}],"curies":[{"name":"wp","href":"https:\/\/api.w.org\/{rel}","templated":true}]}}